{"id":267,"date":"2025-03-21T06:05:30","date_gmt":"2025-03-21T09:05:30","guid":{"rendered":"https:\/\/dev.naterosmarketing.com.br\/flamikadigital\/?page_id=267"},"modified":"2026-03-18T18:42:19","modified_gmt":"2026-03-18T21:42:19","slug":"valores-pacotes-de-social-media","status":"publish","type":"page","link":"https:\/\/flamikadigital.com\/en\/valores-pacotes-de-social-media\/","title":{"rendered":"Social Media Packages"},"content":{"rendered":"<div data-elementor-type=\"wp-page\" data-elementor-id=\"267\" class=\"elementor elementor-267\" data-elementor-post-type=\"page\">\n\t\t\t\t<div class=\"elementor-element elementor-element-13252e5 e-con-full e-flex e-con e-parent\" data-id=\"13252e5\" data-element_type=\"container\" data-e-type=\"container\">\n\t\t<div class=\"elementor-element elementor-element-b9c4948 e-flex e-con-boxed e-con e-child\" data-id=\"b9c4948\" data-element_type=\"container\" data-e-type=\"container\" data-settings=\"{&quot;background_background&quot;:&quot;classic&quot;}\">\n\t\t\t\t\t<div class=\"e-con-inner\">\n\t\t\t\t<div class=\"elementor-element elementor-element-f29767e elementor-invisible elementor-widget elementor-widget-heading\" data-id=\"f29767e\" data-element_type=\"widget\" data-e-type=\"widget\" data-settings=\"{&quot;_animation&quot;:&quot;fadeInUp&quot;,&quot;_animation_delay&quot;:200}\" data-widget_type=\"heading.default\">\n\t\t\t\t\t<h1 class=\"elementor-heading-title elementor-size-default\">Social Media Service Packages<\/h1>\t\t\t\t<\/div>\n\t\t\t\t\t<\/div>\n\t\t\t\t<\/div>\n\t\t\t\t<\/div>\n\t\t<div class=\"elementor-element elementor-element-34955dd2 e-flex e-con-boxed e-con e-parent\" data-id=\"34955dd2\" data-element_type=\"container\" data-e-type=\"container\" data-settings=\"{&quot;background_background&quot;:&quot;classic&quot;}\">\n\t\t\t\t\t<div class=\"e-con-inner\">\n\t\t<div class=\"elementor-element elementor-element-16f5f55d e-flex e-con-boxed e-con e-child\" data-id=\"16f5f55d\" data-element_type=\"container\" data-e-type=\"container\">\n\t\t\t\t\t<div class=\"e-con-inner\">\n\t\t\t\t<div class=\"elementor-element elementor-element-7692d2b8 elementor-invisible elementor-widget elementor-widget-heading\" data-id=\"7692d2b8\" data-element_type=\"widget\" data-e-type=\"widget\" data-settings=\"{&quot;_animation&quot;:&quot;fadeInUp&quot;,&quot;_animation_delay&quot;:200}\" data-widget_type=\"heading.default\">\n\t\t\t\t\t<h6 class=\"elementor-heading-title elementor-size-default\">Choose your Plan<\/h6>\t\t\t\t<\/div>\n\t\t\t\t<div class=\"elementor-element elementor-element-3b4a0443 elementor-invisible elementor-widget elementor-widget-heading\" data-id=\"3b4a0443\" data-element_type=\"widget\" data-e-type=\"widget\" data-settings=\"{&quot;_animation&quot;:&quot;fadeInUp&quot;,&quot;_animation_delay&quot;:300}\" data-widget_type=\"heading.default\">\n\t\t\t\t\t<h2 class=\"elementor-heading-title elementor-size-default\">Boost your brand with customized social media management solutions\n<\/h2>\t\t\t\t<\/div>\n\t\t\t\t<div class=\"elementor-element elementor-element-12075dbf elementor-invisible elementor-widget elementor-widget-heading\" data-id=\"12075dbf\" data-element_type=\"widget\" data-e-type=\"widget\" data-settings=\"{&quot;_animation&quot;:&quot;fadeInUp&quot;,&quot;_animation_delay&quot;:350}\" data-widget_type=\"heading.default\">\n\t\t\t\t\t<p class=\"elementor-heading-title elementor-size-default\">Subscribe to a plan and increase your digital presence with Flamika Digital.<\/p>\t\t\t\t<\/div>\n\t\t\t\t\t<\/div>\n\t\t\t\t<\/div>\n\t\t<div class=\"elementor-element elementor-element-16017560 e-con-full e-flex e-con e-child\" data-id=\"16017560\" data-element_type=\"container\" data-e-type=\"container\">\n\t\t<div class=\"elementor-element elementor-element-5da1b1fa e-con-full e-flex elementor-invisible e-con e-child\" data-id=\"5da1b1fa\" data-element_type=\"container\" data-e-type=\"container\" data-settings=\"{&quot;background_background&quot;:&quot;classic&quot;,&quot;animation&quot;:&quot;fadeInLeft&quot;}\">\n\t\t\t\t<div class=\"elementor-element elementor-element-5ab84b8 elementor-widget__width-inherit elementor-invisible elementor-widget elementor-widget-heading\" data-id=\"5ab84b8\" data-element_type=\"widget\" data-e-type=\"widget\" data-settings=\"{&quot;_animation&quot;:&quot;fadeInUp&quot;,&quot;_animation_delay&quot;:300}\" data-widget_type=\"heading.default\">\n\t\t\t\t\t<h2 class=\"elementor-heading-title elementor-size-default\">Basic Plan<\/h2>\t\t\t\t<\/div>\n\t\t<div class=\"elementor-element elementor-element-ca49944 e-con-full e-flex e-con e-child\" data-id=\"ca49944\" data-element_type=\"container\" data-e-type=\"container\">\n\t\t\t\t<div class=\"elementor-element elementor-element-2ce78236 elementor-align-start elementor-widget__width-inherit elementor-icon-list--layout-traditional elementor-list-item-link-full_width elementor-widget elementor-widget-icon-list\" data-id=\"2ce78236\" data-element_type=\"widget\" data-e-type=\"widget\" data-widget_type=\"icon-list.default\">\n\t\t\t\t\t\t\t<ul class=\"elementor-icon-list-items\">\n\t\t\t\t\t\t\t<li class=\"elementor-icon-list-item\">\n\t\t\t\t\t\t\t\t\t\t\t<span class=\"elementor-icon-list-icon\">\n\t\t\t\t\t\t\t<svg aria-hidden=\"true\" class=\"e-font-icon-svg e-fas-circle\" viewbox=\"0 0 512 512\" xmlns=\"http:\/\/www.w3.org\/2000\/svg\"><path d=\"M256 8C119 8 8 119 8 256s111 248 248 248 248-111 248-248S393 8 256 8z\"><\/path><\/svg>\t\t\t\t\t\t<\/span>\n\t\t\t\t\t\t\t\t\t\t<span class=\"elementor-icon-list-text\">Monthly planning of content to be created<\/span>\n\t\t\t\t\t\t\t\t\t<\/li>\n\t\t\t\t\t\t\t\t<li class=\"elementor-icon-list-item\">\n\t\t\t\t\t\t\t\t\t\t\t<span class=\"elementor-icon-list-icon\">\n\t\t\t\t\t\t\t<svg aria-hidden=\"true\" class=\"e-font-icon-svg e-fas-circle\" viewbox=\"0 0 512 512\" xmlns=\"http:\/\/www.w3.org\/2000\/svg\"><path d=\"M256 8C119 8 8 119 8 256s111 248 248 248 248-111 248-248S393 8 256 8z\"><\/path><\/svg>\t\t\t\t\t\t<\/span>\n\t\t\t\t\t\t\t\t\t\t<span class=\"elementor-icon-list-text\">Creation of 3 artworks per week, with up to 1 change each<\/span>\n\t\t\t\t\t\t\t\t\t<\/li>\n\t\t\t\t\t\t\t\t<li class=\"elementor-icon-list-item\">\n\t\t\t\t\t\t\t\t\t\t\t<span class=\"elementor-icon-list-icon\">\n\t\t\t\t\t\t\t<svg aria-hidden=\"true\" class=\"e-font-icon-svg e-fas-circle\" viewbox=\"0 0 512 512\" xmlns=\"http:\/\/www.w3.org\/2000\/svg\"><path d=\"M256 8C119 8 8 119 8 256s111 248 248 248 248-111 248-248S393 8 256 8z\"><\/path><\/svg>\t\t\t\t\t\t<\/span>\n\t\t\t\t\t\t\t\t\t\t<span class=\"elementor-icon-list-text\">Creation of the description text for the publication of the arts<\/span>\n\t\t\t\t\t\t\t\t\t<\/li>\n\t\t\t\t\t\t\t\t<li class=\"elementor-icon-list-item\">\n\t\t\t\t\t\t\t\t\t\t\t<span class=\"elementor-icon-list-icon\">\n\t\t\t\t\t\t\t<svg aria-hidden=\"true\" class=\"e-font-icon-svg e-fas-circle\" viewbox=\"0 0 512 512\" xmlns=\"http:\/\/www.w3.org\/2000\/svg\"><path d=\"M256 8C119 8 8 119 8 256s111 248 248 248 248-111 248-248S393 8 256 8z\"><\/path><\/svg>\t\t\t\t\t\t<\/span>\n\t\t\t\t\t\t\t\t\t\t<span class=\"elementor-icon-list-text\">Scheduling publications, as planned<\/span>\n\t\t\t\t\t\t\t\t\t<\/li>\n\t\t\t\t\t\t<\/ul>\n\t\t\t\t\t\t<\/div>\n\t\t\t\t<div class=\"elementor-element elementor-element-12e4f5bc elementor-align-justify elementor-widget-mobile__width-inherit elementor-widget elementor-widget-button\" data-id=\"12e4f5bc\" data-element_type=\"widget\" data-e-type=\"widget\" data-widget_type=\"button.default\">\n\t\t\t\t\t\t\t\t\t\t<a class=\"elementor-button elementor-button-link elementor-size-sm\" href=\"https:\/\/api.whatsapp.com\/send\/?phone=5511984327895&#038;text=Ol%C3%A1%2C+vim+do+site+e+gostaria+de+saber+mais+sobre+o+PLANO+BASIC+de+SOCIAL+MEDIA&#038;type=phone_number&#038;app_absent=0\" target=\"_blank\">\n\t\t\t\t\t\t<span class=\"elementor-button-content-wrapper\">\n\t\t\t\t\t\t\t\t\t<span class=\"elementor-button-text\">Subscribe to Basic Plan<\/span>\n\t\t\t\t\t<\/span>\n\t\t\t\t\t<\/a>\n\t\t\t\t\t\t\t\t<\/div>\n\t\t\t\t<\/div>\n\t\t\t\t<\/div>\n\t\t<div class=\"elementor-element elementor-element-8469ce5 e-con-full e-flex elementor-invisible e-con e-child\" data-id=\"8469ce5\" data-element_type=\"container\" data-e-type=\"container\" data-settings=\"{&quot;background_background&quot;:&quot;classic&quot;,&quot;animation&quot;:&quot;fadeInLeft&quot;}\">\n\t\t\t\t<div class=\"elementor-element elementor-element-4ec91e1 elementor-widget__width-inherit elementor-invisible elementor-widget elementor-widget-heading\" data-id=\"4ec91e1\" data-element_type=\"widget\" data-e-type=\"widget\" data-settings=\"{&quot;_animation&quot;:&quot;fadeInUp&quot;,&quot;_animation_delay&quot;:300}\" data-widget_type=\"heading.default\">\n\t\t\t\t\t<h2 class=\"elementor-heading-title elementor-size-default\">Standart Plan<\/h2>\t\t\t\t<\/div>\n\t\t<div class=\"elementor-element elementor-element-fe5c44a e-con-full e-flex e-con e-child\" data-id=\"fe5c44a\" data-element_type=\"container\" data-e-type=\"container\">\n\t\t\t\t<div class=\"elementor-element elementor-element-6956537 elementor-align-start elementor-widget__width-inherit elementor-icon-list--layout-traditional elementor-list-item-link-full_width elementor-widget elementor-widget-icon-list\" data-id=\"6956537\" data-element_type=\"widget\" data-e-type=\"widget\" data-widget_type=\"icon-list.default\">\n\t\t\t\t\t\t\t<ul class=\"elementor-icon-list-items\">\n\t\t\t\t\t\t\t<li class=\"elementor-icon-list-item\">\n\t\t\t\t\t\t\t\t\t\t\t<span class=\"elementor-icon-list-icon\">\n\t\t\t\t\t\t\t<svg aria-hidden=\"true\" class=\"e-font-icon-svg e-fas-circle\" viewbox=\"0 0 512 512\" xmlns=\"http:\/\/www.w3.org\/2000\/svg\"><path d=\"M256 8C119 8 8 119 8 256s111 248 248 248 248-111 248-248S393 8 256 8z\"><\/path><\/svg>\t\t\t\t\t\t<\/span>\n\t\t\t\t\t\t\t\t\t\t<span class=\"elementor-icon-list-text\">Everything included in the Basic Plan<\/span>\n\t\t\t\t\t\t\t\t\t<\/li>\n\t\t\t\t\t\t\t\t<li class=\"elementor-icon-list-item\">\n\t\t\t\t\t\t\t\t\t\t\t<span class=\"elementor-icon-list-icon\">\n\t\t\t\t\t\t\t<svg aria-hidden=\"true\" class=\"e-font-icon-svg e-fas-circle\" viewbox=\"0 0 512 512\" xmlns=\"http:\/\/www.w3.org\/2000\/svg\"><path d=\"M256 8C119 8 8 119 8 256s111 248 248 248 248-111 248-248S393 8 256 8z\"><\/path><\/svg>\t\t\t\t\t\t<\/span>\n\t\t\t\t\t\t\t\t\t\t<span class=\"elementor-icon-list-text\">Choose between 3 artworks or 1 carousel each week<\/span>\n\t\t\t\t\t\t\t\t\t<\/li>\n\t\t\t\t\t\t\t\t<li class=\"elementor-icon-list-item\">\n\t\t\t\t\t\t\t\t\t\t\t<span class=\"elementor-icon-list-icon\">\n\t\t\t\t\t\t\t<svg aria-hidden=\"true\" class=\"e-font-icon-svg e-fas-circle\" viewbox=\"0 0 512 512\" xmlns=\"http:\/\/www.w3.org\/2000\/svg\"><path d=\"M256 8C119 8 8 119 8 256s111 248 248 248 248-111 248-248S393 8 256 8z\"><\/path><\/svg>\t\t\t\t\t\t<\/span>\n\t\t\t\t\t\t\t\t\t\t<span class=\"elementor-icon-list-text\">Up to 2 changes to each artwork or carousel<\/span>\n\t\t\t\t\t\t\t\t\t<\/li>\n\t\t\t\t\t\t<\/ul>\n\t\t\t\t\t\t<\/div>\n\t\t\t\t<div class=\"elementor-element elementor-element-eb72fef elementor-align-justify elementor-widget-mobile__width-inherit elementor-widget elementor-widget-button\" data-id=\"eb72fef\" data-element_type=\"widget\" data-e-type=\"widget\" data-widget_type=\"button.default\">\n\t\t\t\t\t\t\t\t\t\t<a class=\"elementor-button elementor-button-link elementor-size-sm\" href=\"https:\/\/api.whatsapp.com\/send\/?phone=5511984327895&#038;text=Ol%C3%A1%2C+vim+do+site+e+gostaria+de+saber+mais+sobre+o+PLANO+STANDARD+de+SOCIAL+MEDIA&#038;type=phone_number&#038;app_absent=0\" target=\"_blank\">\n\t\t\t\t\t\t<span class=\"elementor-button-content-wrapper\">\n\t\t\t\t\t\t\t\t\t<span class=\"elementor-button-text\">Subscribe to Standart Plan<\/span>\n\t\t\t\t\t<\/span>\n\t\t\t\t\t<\/a>\n\t\t\t\t\t\t\t\t<\/div>\n\t\t\t\t<\/div>\n\t\t\t\t<\/div>\n\t\t<div class=\"elementor-element elementor-element-af19541 e-con-full e-flex elementor-invisible e-con e-child\" data-id=\"af19541\" data-element_type=\"container\" data-e-type=\"container\" data-settings=\"{&quot;background_background&quot;:&quot;classic&quot;,&quot;animation&quot;:&quot;fadeInLeft&quot;}\">\n\t\t\t\t<div class=\"elementor-element elementor-element-fd9a36a elementor-widget__width-inherit elementor-invisible elementor-widget elementor-widget-heading\" data-id=\"fd9a36a\" data-element_type=\"widget\" data-e-type=\"widget\" data-settings=\"{&quot;_animation&quot;:&quot;fadeInUp&quot;,&quot;_animation_delay&quot;:300}\" data-widget_type=\"heading.default\">\n\t\t\t\t\t<h2 class=\"elementor-heading-title elementor-size-default\">Premium Plan<\/h2>\t\t\t\t<\/div>\n\t\t<div class=\"elementor-element elementor-element-c9b29f0 e-con-full e-flex e-con e-child\" data-id=\"c9b29f0\" data-element_type=\"container\" data-e-type=\"container\">\n\t\t\t\t<div class=\"elementor-element elementor-element-05735be elementor-align-start elementor-widget__width-inherit elementor-icon-list--layout-traditional elementor-list-item-link-full_width elementor-widget elementor-widget-icon-list\" data-id=\"05735be\" data-element_type=\"widget\" data-e-type=\"widget\" data-widget_type=\"icon-list.default\">\n\t\t\t\t\t\t\t<ul class=\"elementor-icon-list-items\">\n\t\t\t\t\t\t\t<li class=\"elementor-icon-list-item\">\n\t\t\t\t\t\t\t\t\t\t\t<span class=\"elementor-icon-list-icon\">\n\t\t\t\t\t\t\t<svg aria-hidden=\"true\" class=\"e-font-icon-svg e-fas-circle\" viewbox=\"0 0 512 512\" xmlns=\"http:\/\/www.w3.org\/2000\/svg\"><path d=\"M256 8C119 8 8 119 8 256s111 248 248 248 248-111 248-248S393 8 256 8z\"><\/path><\/svg>\t\t\t\t\t\t<\/span>\n\t\t\t\t\t\t\t\t\t\t<span class=\"elementor-icon-list-text\">Everything included in the Basic Plan<\/span>\n\t\t\t\t\t\t\t\t\t<\/li>\n\t\t\t\t\t\t\t\t<li class=\"elementor-icon-list-item\">\n\t\t\t\t\t\t\t\t\t\t\t<span class=\"elementor-icon-list-icon\">\n\t\t\t\t\t\t\t<svg aria-hidden=\"true\" class=\"e-font-icon-svg e-fas-circle\" viewbox=\"0 0 512 512\" xmlns=\"http:\/\/www.w3.org\/2000\/svg\"><path d=\"M256 8C119 8 8 119 8 256s111 248 248 248 248-111 248-248S393 8 256 8z\"><\/path><\/svg>\t\t\t\t\t\t<\/span>\n\t\t\t\t\t\t\t\t\t\t<span class=\"elementor-icon-list-text\">Choose between 3 artworks, 1 carousel or 1 video each week<\/span>\n\t\t\t\t\t\t\t\t\t<\/li>\n\t\t\t\t\t\t\t\t<li class=\"elementor-icon-list-item\">\n\t\t\t\t\t\t\t\t\t\t\t<span class=\"elementor-icon-list-icon\">\n\t\t\t\t\t\t\t<svg aria-hidden=\"true\" class=\"e-font-icon-svg e-fas-circle\" viewbox=\"0 0 512 512\" xmlns=\"http:\/\/www.w3.org\/2000\/svg\"><path d=\"M256 8C119 8 8 119 8 256s111 248 248 248 248-111 248-248S393 8 256 8z\"><\/path><\/svg>\t\t\t\t\t\t<\/span>\n\t\t\t\t\t\t\t\t\t\t<span class=\"elementor-icon-list-text\">Up to 2 changes to each artwork, carousel or video<\/span>\n\t\t\t\t\t\t\t\t\t<\/li>\n\t\t\t\t\t\t\t\t<li class=\"elementor-icon-list-item\">\n\t\t\t\t\t\t\t\t\t\t\t<span class=\"elementor-icon-list-icon\">\n\t\t\t\t\t\t\t<svg aria-hidden=\"true\" class=\"e-font-icon-svg e-fas-circle\" viewbox=\"0 0 512 512\" xmlns=\"http:\/\/www.w3.org\/2000\/svg\"><path d=\"M256 8C119 8 8 119 8 256s111 248 248 248 248-111 248-248S393 8 256 8z\"><\/path><\/svg>\t\t\t\t\t\t<\/span>\n\t\t\t\t\t\t\t\t\t\t<span class=\"elementor-icon-list-text\">Boosting service via the Boost button<\/span>\n\t\t\t\t\t\t\t\t\t<\/li>\n\t\t\t\t\t\t<\/ul>\n\t\t\t\t\t\t<\/div>\n\t\t\t\t<div class=\"elementor-element elementor-element-c50b5c1 elementor-align-justify elementor-widget-mobile__width-inherit elementor-widget elementor-widget-button\" data-id=\"c50b5c1\" data-element_type=\"widget\" data-e-type=\"widget\" data-widget_type=\"button.default\">\n\t\t\t\t\t\t\t\t\t\t<a class=\"elementor-button elementor-button-link elementor-size-sm\" href=\"https:\/\/api.whatsapp.com\/send\/?phone=5511984327895&#038;text=Ol%C3%A1%2C+vim+do+site+e+gostaria+de+saber+mais+sobre+o+PLANO+PREMIUM+de+SOCIAL+MEDIA&#038;type=phone_number&#038;app_absent=0\" target=\"_blank\">\n\t\t\t\t\t\t<span class=\"elementor-button-content-wrapper\">\n\t\t\t\t\t\t\t\t\t<span class=\"elementor-button-text\">Subscribe to Premium Plan<\/span>\n\t\t\t\t\t<\/span>\n\t\t\t\t\t<\/a>\n\t\t\t\t\t\t\t\t<\/div>\n\t\t\t\t<\/div>\n\t\t\t\t<\/div>\n\t\t\t\t<\/div>\n\t\t<div class=\"elementor-element elementor-element-15769354 e-flex e-con-boxed elementor-invisible e-con e-child\" data-id=\"15769354\" data-element_type=\"container\" data-e-type=\"container\" data-settings=\"{&quot;animation&quot;:&quot;fadeInDown&quot;}\">\n\t\t\t\t\t<div class=\"e-con-inner\">\n\t\t\t\t<div class=\"elementor-element elementor-element-5a74f69 elementor-widget elementor-widget-heading\" data-id=\"5a74f69\" data-element_type=\"widget\" data-e-type=\"widget\" data-widget_type=\"heading.default\">\n\t\t\t\t\t<div class=\"elementor-heading-title elementor-size-default\">Get in touch to clarify any questions about the plans or to choose the best option for your business!<\/div>\t\t\t\t<\/div>\n\t\t\t\t<div class=\"elementor-element elementor-element-6cea6ac4 elementor-align-center elementor-mobile-align-justify elementor-widget elementor-widget-button\" data-id=\"6cea6ac4\" data-element_type=\"widget\" data-e-type=\"widget\" data-widget_type=\"button.default\">\n\t\t\t\t\t\t\t\t\t\t<a class=\"elementor-button elementor-button-link elementor-size-sm\" href=\"https:\/\/flamikadigital.com\/en\/fale-com-a-flamika-digital\/\">\n\t\t\t\t\t\t<span class=\"elementor-button-content-wrapper\">\n\t\t\t\t\t\t\t\t\t<span class=\"elementor-button-text\">Contact Us<\/span>\n\t\t\t\t\t<\/span>\n\t\t\t\t\t<\/a>\n\t\t\t\t\t\t\t\t<\/div>\n\t\t\t\t\t<\/div>\n\t\t\t\t<\/div>\n\t\t\t\t\t<\/div>\n\t\t\t\t<\/div>\n\t\t\t\t<\/div>","protected":false},"excerpt":{"rendered":"<p>Pacotes de Servi\u00e7os de Social Media Escolha seu Plano Impulsione sua marca com solu\u00e7\u00f5es personalizadas para gest\u00e3o de redes sociais Assine um plano e aumente sua presen\u00e7a digital com a Flamika Digital. Pacote B\u00e1sico plano mensal R$ 0 \/m\u00eas plano Trimestral R$ 0 \/m\u00eas plano semestral R$ 0 \/m\u00eas Planejamento mensal dos conte\u00fados a serem [&hellip;]<\/p>","protected":false},"author":2,"featured_media":0,"parent":0,"menu_order":0,"comment_status":"closed","ping_status":"closed","template":"elementor_header_footer","meta":{"footnotes":""},"class_list":["post-267","page","type-page","status-publish","hentry"],"yoast_head":"<!-- This site is optimized with the Yoast SEO plugin v27.4 - https:\/\/yoast.com\/product\/yoast-seo-wordpress\/ -->\n<title>Pacotes de Social Media - Flamika Digital<\/title>\n<meta name=\"robots\" content=\"index, follow, max-snippet:-1, max-image-preview:large, max-video-preview:-1\" \/>\n<link rel=\"canonical\" href=\"https:\/\/flamikadigital.com\/en\/valores-pacotes-de-social-media\/\" \/>\n<meta property=\"og:locale\" content=\"en_US\" \/>\n<meta property=\"og:type\" content=\"article\" \/>\n<meta property=\"og:title\" content=\"Pacotes de Social Media - Flamika Digital\" \/>\n<meta property=\"og:description\" content=\"Pacotes de Servi\u00e7os de Social Media Escolha seu Plano Impulsione sua marca com solu\u00e7\u00f5es personalizadas para gest\u00e3o de redes sociais Assine um plano e aumente sua presen\u00e7a digital com a Flamika Digital. Pacote B\u00e1sico plano mensal R$ 0 \/m\u00eas plano Trimestral R$ 0 \/m\u00eas plano semestral R$ 0 \/m\u00eas Planejamento mensal dos conte\u00fados a serem [&hellip;]\" \/>\n<meta property=\"og:url\" content=\"https:\/\/flamikadigital.com\/en\/valores-pacotes-de-social-media\/\" \/>\n<meta property=\"og:site_name\" content=\"Flamika Digital\" \/>\n<meta property=\"article:modified_time\" content=\"2026-03-18T21:42:19+00:00\" \/>\n<meta property=\"og:image\" content=\"https:\/\/flamikadigital.com\/wp-content\/uploads\/2025\/04\/Frame-42.png\" \/>\n\t<meta property=\"og:image:width\" content=\"1200\" \/>\n\t<meta property=\"og:image:height\" content=\"675\" \/>\n\t<meta property=\"og:image:type\" content=\"image\/png\" \/>\n<meta name=\"twitter:card\" content=\"summary_large_image\" \/>\n<script type=\"application\/ld+json\" class=\"yoast-schema-graph\">{\"@context\":\"https:\\\/\\\/schema.org\",\"@graph\":[{\"@type\":\"WebPage\",\"@id\":\"https:\\\/\\\/flamikadigital.com\\\/valores-pacotes-de-social-media\\\/\",\"url\":\"https:\\\/\\\/flamikadigital.com\\\/valores-pacotes-de-social-media\\\/\",\"name\":\"Pacotes de Social Media - Flamika Digital\",\"isPartOf\":{\"@id\":\"https:\\\/\\\/flamikadigital.com\\\/#website\"},\"datePublished\":\"2025-03-21T09:05:30+00:00\",\"dateModified\":\"2026-03-18T21:42:19+00:00\",\"breadcrumb\":{\"@id\":\"https:\\\/\\\/flamikadigital.com\\\/valores-pacotes-de-social-media\\\/#breadcrumb\"},\"inLanguage\":\"en-US\",\"potentialAction\":[{\"@type\":\"ReadAction\",\"target\":[\"https:\\\/\\\/flamikadigital.com\\\/valores-pacotes-de-social-media\\\/\"]}]},{\"@type\":\"BreadcrumbList\",\"@id\":\"https:\\\/\\\/flamikadigital.com\\\/valores-pacotes-de-social-media\\\/#breadcrumb\",\"itemListElement\":[{\"@type\":\"ListItem\",\"position\":1,\"name\":\"In\u00edcio\",\"item\":\"https:\\\/\\\/flamikadigital.com\\\/\"},{\"@type\":\"ListItem\",\"position\":2,\"name\":\"Pacotes de Social Media\"}]},{\"@type\":\"WebSite\",\"@id\":\"https:\\\/\\\/flamikadigital.com\\\/#website\",\"url\":\"https:\\\/\\\/flamikadigital.com\\\/\",\"name\":\"Flamika Digital\",\"description\":\"Solu\u00e7\u00f5es em marketing digital e design para empresas.\",\"publisher\":{\"@id\":\"https:\\\/\\\/flamikadigital.com\\\/#organization\"},\"alternateName\":\"Flamika Marketing Digital\",\"potentialAction\":[{\"@type\":\"SearchAction\",\"target\":{\"@type\":\"EntryPoint\",\"urlTemplate\":\"https:\\\/\\\/flamikadigital.com\\\/?s={search_term_string}\"},\"query-input\":{\"@type\":\"PropertyValueSpecification\",\"valueRequired\":true,\"valueName\":\"search_term_string\"}}],\"inLanguage\":\"en-US\"},{\"@type\":\"Organization\",\"@id\":\"https:\\\/\\\/flamikadigital.com\\\/#organization\",\"name\":\"Flamika Digital\",\"alternateName\":\"Flamika Marketing Digital\",\"url\":\"https:\\\/\\\/flamikadigital.com\\\/\",\"logo\":{\"@type\":\"ImageObject\",\"inLanguage\":\"en-US\",\"@id\":\"https:\\\/\\\/flamikadigital.com\\\/#\\\/schema\\\/logo\\\/image\\\/\",\"url\":\"https:\\\/\\\/flamikadigital.com\\\/wp-content\\\/uploads\\\/2025\\\/03\\\/cropped-favicon-flamika-digital.webp\",\"contentUrl\":\"https:\\\/\\\/flamikadigital.com\\\/wp-content\\\/uploads\\\/2025\\\/03\\\/cropped-favicon-flamika-digital.webp\",\"width\":512,\"height\":512,\"caption\":\"Flamika Digital\"},\"image\":{\"@id\":\"https:\\\/\\\/flamikadigital.com\\\/#\\\/schema\\\/logo\\\/image\\\/\"}}]}<\/script>\n<!-- \/ Yoast SEO plugin. -->","yoast_head_json":{"title":"Pacotes de Social Media - Flamika Digital","robots":{"index":"index","follow":"follow","max-snippet":"max-snippet:-1","max-image-preview":"max-image-preview:large","max-video-preview":"max-video-preview:-1"},"canonical":"https:\/\/flamikadigital.com\/en\/valores-pacotes-de-social-media\/","og_locale":"en_US","og_type":"article","og_title":"Pacotes de Social Media - Flamika Digital","og_description":"Pacotes de Servi\u00e7os de Social Media Escolha seu Plano Impulsione sua marca com solu\u00e7\u00f5es personalizadas para gest\u00e3o de redes sociais Assine um plano e aumente sua presen\u00e7a digital com a Flamika Digital. Pacote B\u00e1sico plano mensal R$ 0 \/m\u00eas plano Trimestral R$ 0 \/m\u00eas plano semestral R$ 0 \/m\u00eas Planejamento mensal dos conte\u00fados a serem [&hellip;]","og_url":"https:\/\/flamikadigital.com\/en\/valores-pacotes-de-social-media\/","og_site_name":"Flamika Digital","article_modified_time":"2026-03-18T21:42:19+00:00","og_image":[{"width":1200,"height":675,"url":"https:\/\/flamikadigital.com\/wp-content\/uploads\/2025\/04\/Frame-42.png","type":"image\/png"}],"twitter_card":"summary_large_image","schema":{"@context":"https:\/\/schema.org","@graph":[{"@type":"WebPage","@id":"https:\/\/flamikadigital.com\/valores-pacotes-de-social-media\/","url":"https:\/\/flamikadigital.com\/valores-pacotes-de-social-media\/","name":"Pacotes de Social Media - Flamika Digital","isPartOf":{"@id":"https:\/\/flamikadigital.com\/#website"},"datePublished":"2025-03-21T09:05:30+00:00","dateModified":"2026-03-18T21:42:19+00:00","breadcrumb":{"@id":"https:\/\/flamikadigital.com\/valores-pacotes-de-social-media\/#breadcrumb"},"inLanguage":"en-US","potentialAction":[{"@type":"ReadAction","target":["https:\/\/flamikadigital.com\/valores-pacotes-de-social-media\/"]}]},{"@type":"BreadcrumbList","@id":"https:\/\/flamikadigital.com\/valores-pacotes-de-social-media\/#breadcrumb","itemListElement":[{"@type":"ListItem","position":1,"name":"In\u00edcio","item":"https:\/\/flamikadigital.com\/"},{"@type":"ListItem","position":2,"name":"Pacotes de Social Media"}]},{"@type":"WebSite","@id":"https:\/\/flamikadigital.com\/#website","url":"https:\/\/flamikadigital.com\/","name":"Flamika Digital","description":"Digital marketing and design solutions for companies.","publisher":{"@id":"https:\/\/flamikadigital.com\/#organization"},"alternateName":"Flamika Marketing Digital","potentialAction":[{"@type":"SearchAction","target":{"@type":"EntryPoint","urlTemplate":"https:\/\/flamikadigital.com\/?s={search_term_string}"},"query-input":{"@type":"PropertyValueSpecification","valueRequired":true,"valueName":"search_term_string"}}],"inLanguage":"en-US"},{"@type":"Organization","@id":"https:\/\/flamikadigital.com\/#organization","name":"Flamika Digital","alternateName":"Flamika Marketing Digital","url":"https:\/\/flamikadigital.com\/","logo":{"@type":"ImageObject","inLanguage":"en-US","@id":"https:\/\/flamikadigital.com\/#\/schema\/logo\/image\/","url":"https:\/\/flamikadigital.com\/wp-content\/uploads\/2025\/03\/cropped-favicon-flamika-digital.webp","contentUrl":"https:\/\/flamikadigital.com\/wp-content\/uploads\/2025\/03\/cropped-favicon-flamika-digital.webp","width":512,"height":512,"caption":"Flamika Digital"},"image":{"@id":"https:\/\/flamikadigital.com\/#\/schema\/logo\/image\/"}}]}},"_links":{"self":[{"href":"https:\/\/flamikadigital.com\/en\/wp-json\/wp\/v2\/pages\/267","targetHints":{"allow":["GET"]}}],"collection":[{"href":"https:\/\/flamikadigital.com\/en\/wp-json\/wp\/v2\/pages"}],"about":[{"href":"https:\/\/flamikadigital.com\/en\/wp-json\/wp\/v2\/types\/page"}],"author":[{"embeddable":true,"href":"https:\/\/flamikadigital.com\/en\/wp-json\/wp\/v2\/users\/2"}],"replies":[{"embeddable":true,"href":"https:\/\/flamikadigital.com\/en\/wp-json\/wp\/v2\/comments?post=267"}],"version-history":[{"count":103,"href":"https:\/\/flamikadigital.com\/en\/wp-json\/wp\/v2\/pages\/267\/revisions"}],"predecessor-version":[{"id":1563,"href":"https:\/\/flamikadigital.com\/en\/wp-json\/wp\/v2\/pages\/267\/revisions\/1563"}],"wp:attachment":[{"href":"https:\/\/flamikadigital.com\/en\/wp-json\/wp\/v2\/media?parent=267"}],"curies":[{"name":"wp","href":"https:\/\/api.w.org\/{rel}","templated":true}]}}