{"id":265,"date":"2025-03-21T06:05:18","date_gmt":"2025-03-21T09:05:18","guid":{"rendered":"https:\/\/dev.naterosmarketing.com.br\/flamikadigital\/?page_id=265"},"modified":"2026-03-18T18:37:47","modified_gmt":"2026-03-18T21:37:47","slug":"valores-pacotes-para-gestao-de-trafego-pago","status":"publish","type":"page","link":"https:\/\/flamikadigital.com\/en\/valores-pacotes-para-gestao-de-trafego-pago\/","title":{"rendered":"Paid Traffic Management Packages"},"content":{"rendered":"<div data-elementor-type=\"wp-page\" data-elementor-id=\"265\" class=\"elementor elementor-265\" data-elementor-post-type=\"page\">\n\t\t\t\t<div class=\"elementor-element elementor-element-014fb47 e-con-full e-flex e-con e-parent\" data-id=\"014fb47\" data-element_type=\"container\" data-e-type=\"container\">\n\t\t<div class=\"elementor-element elementor-element-f9b2ce3 e-flex e-con-boxed e-con e-child\" data-id=\"f9b2ce3\" data-element_type=\"container\" data-e-type=\"container\" data-settings=\"{&quot;background_background&quot;:&quot;classic&quot;}\">\n\t\t\t\t\t<div class=\"e-con-inner\">\n\t\t\t\t<div class=\"elementor-element elementor-element-72ecc11 elementor-invisible elementor-widget elementor-widget-heading\" data-id=\"72ecc11\" data-element_type=\"widget\" data-e-type=\"widget\" data-settings=\"{&quot;_animation&quot;:&quot;fadeInUp&quot;,&quot;_animation_delay&quot;:200}\" data-widget_type=\"heading.default\">\n\t\t\t\t\t<h1 class=\"elementor-heading-title elementor-size-default\">Paid Traffic Management Service Packages<\/h1>\t\t\t\t<\/div>\n\t\t\t\t\t<\/div>\n\t\t\t\t<\/div>\n\t\t\t\t<\/div>\n\t\t<div class=\"elementor-element elementor-element-d5a8cbb e-flex e-con-boxed e-con e-parent\" data-id=\"d5a8cbb\" data-element_type=\"container\" data-e-type=\"container\" data-settings=\"{&quot;background_background&quot;:&quot;classic&quot;}\">\n\t\t\t\t\t<div class=\"e-con-inner\">\n\t\t<div class=\"elementor-element elementor-element-d75e2cf e-flex e-con-boxed elementor-invisible e-con e-child\" data-id=\"d75e2cf\" data-element_type=\"container\" data-e-type=\"container\" data-settings=\"{&quot;animation&quot;:&quot;fadeInUp&quot;}\">\n\t\t\t\t\t<div class=\"e-con-inner\">\n\t\t\t\t<div class=\"elementor-element elementor-element-41135c8 elementor-invisible elementor-widget elementor-widget-heading\" data-id=\"41135c8\" data-element_type=\"widget\" data-e-type=\"widget\" data-settings=\"{&quot;_animation&quot;:&quot;fadeInUp&quot;,&quot;_animation_delay&quot;:200}\" data-widget_type=\"heading.default\">\n\t\t\t\t\t<h6 class=\"elementor-heading-title elementor-size-default\">Choose your Plan<\/h6>\t\t\t\t<\/div>\n\t\t\t\t<div class=\"elementor-element elementor-element-04d9cd2 elementor-invisible elementor-widget elementor-widget-heading\" data-id=\"04d9cd2\" data-element_type=\"widget\" data-e-type=\"widget\" data-settings=\"{&quot;_animation&quot;:&quot;fadeInUp&quot;,&quot;_animation_delay&quot;:300}\" data-widget_type=\"heading.default\">\n\t\t\t\t\t<h2 class=\"elementor-heading-title elementor-size-default\">Boost your brand with customized paid traffic management solutions\n<\/h2>\t\t\t\t<\/div>\n\t\t\t\t<div class=\"elementor-element elementor-element-96b897a elementor-invisible elementor-widget elementor-widget-heading\" data-id=\"96b897a\" data-element_type=\"widget\" data-e-type=\"widget\" data-settings=\"{&quot;_animation&quot;:&quot;fadeInUp&quot;,&quot;_animation_delay&quot;:350}\" data-widget_type=\"heading.default\">\n\t\t\t\t\t<p class=\"elementor-heading-title elementor-size-default\">Subscribe to a plan and increase your digital presence with Flamika Digital.<\/p>\t\t\t\t<\/div>\n\t\t\t\t\t<\/div>\n\t\t\t\t<\/div>\n\t\t<div class=\"elementor-element elementor-element-bccdf65 e-con-full e-flex e-con e-child\" data-id=\"bccdf65\" data-element_type=\"container\" data-e-type=\"container\">\n\t\t<div class=\"elementor-element elementor-element-6bc6f08 e-con-full e-flex elementor-invisible e-con e-child\" data-id=\"6bc6f08\" data-element_type=\"container\" data-e-type=\"container\" data-settings=\"{&quot;background_background&quot;:&quot;classic&quot;,&quot;animation&quot;:&quot;fadeInLeft&quot;}\">\n\t\t\t\t<div class=\"elementor-element elementor-element-83ca02a elementor-widget__width-inherit elementor-invisible elementor-widget elementor-widget-heading\" data-id=\"83ca02a\" data-element_type=\"widget\" data-e-type=\"widget\" data-settings=\"{&quot;_animation&quot;:&quot;fadeInUp&quot;,&quot;_animation_delay&quot;:300}\" data-widget_type=\"heading.default\">\n\t\t\t\t\t<h2 class=\"elementor-heading-title elementor-size-default\">Premium Plan<\/h2>\t\t\t\t<\/div>\n\t\t<div class=\"elementor-element elementor-element-a76eed1 e-con-full e-flex e-con e-child\" data-id=\"a76eed1\" data-element_type=\"container\" data-e-type=\"container\">\n\t\t\t\t<div class=\"elementor-element elementor-element-d6b4cd9 elementor-align-start elementor-widget__width-inherit elementor-icon-list--layout-traditional elementor-list-item-link-full_width elementor-widget elementor-widget-icon-list\" data-id=\"d6b4cd9\" data-element_type=\"widget\" data-e-type=\"widget\" data-widget_type=\"icon-list.default\">\n\t\t\t\t\t\t\t<ul class=\"elementor-icon-list-items\">\n\t\t\t\t\t\t\t<li class=\"elementor-icon-list-item\">\n\t\t\t\t\t\t\t\t\t\t\t<span class=\"elementor-icon-list-icon\">\n\t\t\t\t\t\t\t<svg aria-hidden=\"true\" class=\"e-font-icon-svg e-fas-circle\" viewbox=\"0 0 512 512\" xmlns=\"http:\/\/www.w3.org\/2000\/svg\"><path d=\"M256 8C119 8 8 119 8 256s111 248 248 248 248-111 248-248S393 8 256 8z\"><\/path><\/svg>\t\t\t\t\t\t<\/span>\n\t\t\t\t\t\t\t\t\t\t<span class=\"elementor-icon-list-text\">Creation and publication of 3 artworks or 1 carousel or 1 video per week<\/span>\n\t\t\t\t\t\t\t\t\t<\/li>\n\t\t\t\t\t\t\t\t<li class=\"elementor-icon-list-item\">\n\t\t\t\t\t\t\t\t\t\t\t<span class=\"elementor-icon-list-icon\">\n\t\t\t\t\t\t\t<svg aria-hidden=\"true\" class=\"e-font-icon-svg e-fas-circle\" viewbox=\"0 0 512 512\" xmlns=\"http:\/\/www.w3.org\/2000\/svg\"><path d=\"M256 8C119 8 8 119 8 256s111 248 248 248 248-111 248-248S393 8 256 8z\"><\/path><\/svg>\t\t\t\t\t\t<\/span>\n\t\t\t\t\t\t\t\t\t\t<span class=\"elementor-icon-list-text\">Up to 2 changes to each artwork, carousel or video<\/span>\n\t\t\t\t\t\t\t\t\t<\/li>\n\t\t\t\t\t\t\t\t<li class=\"elementor-icon-list-item\">\n\t\t\t\t\t\t\t\t\t\t\t<span class=\"elementor-icon-list-icon\">\n\t\t\t\t\t\t\t<svg aria-hidden=\"true\" class=\"e-font-icon-svg e-fas-circle\" viewbox=\"0 0 512 512\" xmlns=\"http:\/\/www.w3.org\/2000\/svg\"><path d=\"M256 8C119 8 8 119 8 256s111 248 248 248 248-111 248-248S393 8 256 8z\"><\/path><\/svg>\t\t\t\t\t\t<\/span>\n\t\t\t\t\t\t\t\t\t\t<span class=\"elementor-icon-list-text\">Disclosures, promotions, anniversaries, tips, varieties, etc.<\/span>\n\t\t\t\t\t\t\t\t\t<\/li>\n\t\t\t\t\t\t\t\t<li class=\"elementor-icon-list-item\">\n\t\t\t\t\t\t\t\t\t\t\t<span class=\"elementor-icon-list-icon\">\n\t\t\t\t\t\t\t<svg aria-hidden=\"true\" class=\"e-font-icon-svg e-fas-circle\" viewbox=\"0 0 512 512\" xmlns=\"http:\/\/www.w3.org\/2000\/svg\"><path d=\"M256 8C119 8 8 119 8 256s111 248 248 248 248-111 248-248S393 8 256 8z\"><\/path><\/svg>\t\t\t\t\t\t<\/span>\n\t\t\t\t\t\t\t\t\t\t<span class=\"elementor-icon-list-text\">Boosting service via the Boost button<\/span>\n\t\t\t\t\t\t\t\t\t<\/li>\n\t\t\t\t\t\t<\/ul>\n\t\t\t\t\t\t<\/div>\n\t\t\t\t<div class=\"elementor-element elementor-element-698a0a3 elementor-align-justify elementor-widget-mobile__width-inherit elementor-widget elementor-widget-button\" data-id=\"698a0a3\" data-element_type=\"widget\" data-e-type=\"widget\" data-widget_type=\"button.default\">\n\t\t\t\t\t\t\t\t\t\t<a class=\"elementor-button elementor-button-link elementor-size-sm\" href=\"https:\/\/wa.me\/5511984327895?text=Ol%C3%A1,%20vim%20do%20site%20e%20gostaria%20de%20saber%20mais%20sobre%20o%20PACOTE%20PREMIUM%20de%20TR\u00c1FEGO%20PAGO\" target=\"_blank\">\n\t\t\t\t\t\t<span class=\"elementor-button-content-wrapper\">\n\t\t\t\t\t\t\t\t\t<span class=\"elementor-button-text\">Subscribe to Premium Plan<\/span>\n\t\t\t\t\t<\/span>\n\t\t\t\t\t<\/a>\n\t\t\t\t\t\t\t\t<\/div>\n\t\t\t\t<\/div>\n\t\t\t\t<\/div>\n\t\t<div class=\"elementor-element elementor-element-05477f7 e-con-full e-flex elementor-invisible e-con e-child\" data-id=\"05477f7\" data-element_type=\"container\" data-e-type=\"container\" data-settings=\"{&quot;background_background&quot;:&quot;classic&quot;,&quot;animation&quot;:&quot;fadeInLeft&quot;}\">\n\t\t\t\t<div class=\"elementor-element elementor-element-e462d11 elementor-widget__width-inherit elementor-invisible elementor-widget elementor-widget-heading\" data-id=\"e462d11\" data-element_type=\"widget\" data-e-type=\"widget\" data-settings=\"{&quot;_animation&quot;:&quot;fadeInUp&quot;,&quot;_animation_delay&quot;:300}\" data-widget_type=\"heading.default\">\n\t\t\t\t\t<h2 class=\"elementor-heading-title elementor-size-default\">Meta Ads Package<\/h2>\t\t\t\t<\/div>\n\t\t<div class=\"elementor-element elementor-element-daaa197 e-con-full e-flex e-con e-child\" data-id=\"daaa197\" data-element_type=\"container\" data-e-type=\"container\">\n\t\t\t\t<div class=\"elementor-element elementor-element-666c889 elementor-align-start elementor-widget__width-inherit elementor-icon-list--layout-traditional elementor-list-item-link-full_width elementor-widget elementor-widget-icon-list\" data-id=\"666c889\" data-element_type=\"widget\" data-e-type=\"widget\" data-widget_type=\"icon-list.default\">\n\t\t\t\t\t\t\t<ul class=\"elementor-icon-list-items\">\n\t\t\t\t\t\t\t<li class=\"elementor-icon-list-item\">\n\t\t\t\t\t\t\t\t\t\t\t<span class=\"elementor-icon-list-icon\">\n\t\t\t\t\t\t\t<svg aria-hidden=\"true\" class=\"e-font-icon-svg e-fas-circle\" viewbox=\"0 0 512 512\" xmlns=\"http:\/\/www.w3.org\/2000\/svg\"><path d=\"M256 8C119 8 8 119 8 256s111 248 248 248 248-111 248-248S393 8 256 8z\"><\/path><\/svg>\t\t\t\t\t\t<\/span>\n\t\t\t\t\t\t\t\t\t\t<span class=\"elementor-icon-list-text\">Everything included in the Premium Package<\/span>\n\t\t\t\t\t\t\t\t\t<\/li>\n\t\t\t\t\t\t\t\t<li class=\"elementor-icon-list-item\">\n\t\t\t\t\t\t\t\t\t\t\t<span class=\"elementor-icon-list-icon\">\n\t\t\t\t\t\t\t<svg aria-hidden=\"true\" class=\"e-font-icon-svg e-fas-circle\" viewbox=\"0 0 512 512\" xmlns=\"http:\/\/www.w3.org\/2000\/svg\"><path d=\"M256 8C119 8 8 119 8 256s111 248 248 248 248-111 248-248S393 8 256 8z\"><\/path><\/svg>\t\t\t\t\t\t<\/span>\n\t\t\t\t\t\t\t\t\t\t<span class=\"elementor-icon-list-text\">Boosting via Meta Ads Manager<\/span>\n\t\t\t\t\t\t\t\t\t<\/li>\n\t\t\t\t\t\t\t\t<li class=\"elementor-icon-list-item\">\n\t\t\t\t\t\t\t\t\t\t\t<span class=\"elementor-icon-list-icon\">\n\t\t\t\t\t\t\t<svg aria-hidden=\"true\" class=\"e-font-icon-svg e-fas-circle\" viewbox=\"0 0 512 512\" xmlns=\"http:\/\/www.w3.org\/2000\/svg\"><path d=\"M256 8C119 8 8 119 8 256s111 248 248 248 248-111 248-248S393 8 256 8z\"><\/path><\/svg>\t\t\t\t\t\t<\/span>\n\t\t\t\t\t\t\t\t\t\t<span class=\"elementor-icon-list-text\">Monthly reporting of metrics and results<\/span>\n\t\t\t\t\t\t\t\t\t<\/li>\n\t\t\t\t\t\t\t\t<li class=\"elementor-icon-list-item\">\n\t\t\t\t\t\t\t\t\t\t\t<span class=\"elementor-icon-list-icon\">\n\t\t\t\t\t\t\t<svg aria-hidden=\"true\" class=\"e-font-icon-svg e-fas-circle\" viewbox=\"0 0 512 512\" xmlns=\"http:\/\/www.w3.org\/2000\/svg\"><path d=\"M256 8C119 8 8 119 8 256s111 248 248 248 248-111 248-248S393 8 256 8z\"><\/path><\/svg>\t\t\t\t\t\t<\/span>\n\t\t\t\t\t\t\t\t\t\t<span class=\"elementor-icon-list-text\">Gest\u00e3o de at\u00e9 R$ 1.500,00 por m\u00eas<\/span>\n\t\t\t\t\t\t\t\t\t<\/li>\n\t\t\t\t\t\t<\/ul>\n\t\t\t\t\t\t<\/div>\n\t\t\t\t<div class=\"elementor-element elementor-element-b1e2621 elementor-align-justify elementor-widget-mobile__width-inherit elementor-widget elementor-widget-button\" data-id=\"b1e2621\" data-element_type=\"widget\" data-e-type=\"widget\" data-widget_type=\"button.default\">\n\t\t\t\t\t\t\t\t\t\t<a class=\"elementor-button elementor-button-link elementor-size-sm\" href=\"https:\/\/wa.me\/5511984327895?text=Ol%C3%A1,%20vim%20do%20site%20e%20gostaria%20de%20saber%20mais%20sobre%20o%20PACOTE%20TR\u00c1FEGO%20META\" target=\"_blank\">\n\t\t\t\t\t\t<span class=\"elementor-button-content-wrapper\">\n\t\t\t\t\t\t\t\t\t<span class=\"elementor-button-text\">Subscribe to Meta Ads Package<\/span>\n\t\t\t\t\t<\/span>\n\t\t\t\t\t<\/a>\n\t\t\t\t\t\t\t\t<\/div>\n\t\t\t\t<\/div>\n\t\t\t\t<\/div>\n\t\t<div class=\"elementor-element elementor-element-af34b0f e-con-full e-flex elementor-invisible e-con e-child\" data-id=\"af34b0f\" data-element_type=\"container\" data-e-type=\"container\" data-settings=\"{&quot;background_background&quot;:&quot;classic&quot;,&quot;animation&quot;:&quot;fadeInLeft&quot;}\">\n\t\t\t\t<div class=\"elementor-element elementor-element-b92c3d4 elementor-widget__width-inherit elementor-invisible elementor-widget elementor-widget-heading\" data-id=\"b92c3d4\" data-element_type=\"widget\" data-e-type=\"widget\" data-settings=\"{&quot;_animation&quot;:&quot;fadeInUp&quot;,&quot;_animation_delay&quot;:300}\" data-widget_type=\"heading.default\">\n\t\t\t\t\t<h2 class=\"elementor-heading-title elementor-size-default\">Meta Ads + Google Package<\/h2>\t\t\t\t<\/div>\n\t\t<div class=\"elementor-element elementor-element-d6397e3 e-con-full e-flex e-con e-child\" data-id=\"d6397e3\" data-element_type=\"container\" data-e-type=\"container\">\n\t\t\t\t<div class=\"elementor-element elementor-element-59ede14 elementor-align-start elementor-widget__width-inherit elementor-icon-list--layout-traditional elementor-list-item-link-full_width elementor-widget elementor-widget-icon-list\" data-id=\"59ede14\" data-element_type=\"widget\" data-e-type=\"widget\" data-widget_type=\"icon-list.default\">\n\t\t\t\t\t\t\t<ul class=\"elementor-icon-list-items\">\n\t\t\t\t\t\t\t<li class=\"elementor-icon-list-item\">\n\t\t\t\t\t\t\t\t\t\t\t<span class=\"elementor-icon-list-icon\">\n\t\t\t\t\t\t\t<svg aria-hidden=\"true\" class=\"e-font-icon-svg e-fas-circle\" viewbox=\"0 0 512 512\" xmlns=\"http:\/\/www.w3.org\/2000\/svg\"><path d=\"M256 8C119 8 8 119 8 256s111 248 248 248 248-111 248-248S393 8 256 8z\"><\/path><\/svg>\t\t\t\t\t\t<\/span>\n\t\t\t\t\t\t\t\t\t\t<span class=\"elementor-icon-list-text\">Everything included in the Meta Ads Package<\/span>\n\t\t\t\t\t\t\t\t\t<\/li>\n\t\t\t\t\t\t\t\t<li class=\"elementor-icon-list-item\">\n\t\t\t\t\t\t\t\t\t\t\t<span class=\"elementor-icon-list-icon\">\n\t\t\t\t\t\t\t<svg aria-hidden=\"true\" class=\"e-font-icon-svg e-fas-circle\" viewbox=\"0 0 512 512\" xmlns=\"http:\/\/www.w3.org\/2000\/svg\"><path d=\"M256 8C119 8 8 119 8 256s111 248 248 248 248-111 248-248S393 8 256 8z\"><\/path><\/svg>\t\t\t\t\t\t<\/span>\n\t\t\t\t\t\t\t\t\t\t<span class=\"elementor-icon-list-text\">Boosting through Google Ads<\/span>\n\t\t\t\t\t\t\t\t\t<\/li>\n\t\t\t\t\t\t\t\t<li class=\"elementor-icon-list-item\">\n\t\t\t\t\t\t\t\t\t\t\t<span class=\"elementor-icon-list-icon\">\n\t\t\t\t\t\t\t<svg aria-hidden=\"true\" class=\"e-font-icon-svg e-fas-circle\" viewbox=\"0 0 512 512\" xmlns=\"http:\/\/www.w3.org\/2000\/svg\"><path d=\"M256 8C119 8 8 119 8 256s111 248 248 248 248-111 248-248S393 8 256 8z\"><\/path><\/svg>\t\t\t\t\t\t<\/span>\n\t\t\t\t\t\t\t\t\t\t<span class=\"elementor-icon-list-text\">Monthly reporting of metrics and results<\/span>\n\t\t\t\t\t\t\t\t\t<\/li>\n\t\t\t\t\t\t\t\t<li class=\"elementor-icon-list-item\">\n\t\t\t\t\t\t\t\t\t\t\t<span class=\"elementor-icon-list-icon\">\n\t\t\t\t\t\t\t<svg aria-hidden=\"true\" class=\"e-font-icon-svg e-fas-circle\" viewbox=\"0 0 512 512\" xmlns=\"http:\/\/www.w3.org\/2000\/svg\"><path d=\"M256 8C119 8 8 119 8 256s111 248 248 248 248-111 248-248S393 8 256 8z\"><\/path><\/svg>\t\t\t\t\t\t<\/span>\n\t\t\t\t\t\t\t\t\t\t<span class=\"elementor-icon-list-text\">Gest\u00e3o de at\u00e9 R$ 3.000,00 por m\u00eas<\/span>\n\t\t\t\t\t\t\t\t\t<\/li>\n\t\t\t\t\t\t<\/ul>\n\t\t\t\t\t\t<\/div>\n\t\t\t\t<div class=\"elementor-element elementor-element-511851b elementor-align-justify elementor-widget-mobile__width-inherit elementor-widget elementor-widget-button\" data-id=\"511851b\" data-element_type=\"widget\" data-e-type=\"widget\" data-widget_type=\"button.default\">\n\t\t\t\t\t\t\t\t\t\t<a class=\"elementor-button elementor-button-link elementor-size-sm\" href=\"https:\/\/wa.me\/5511984327895?text=Ol%C3%A1,%20vim%20do%20site%20e%20gostaria%20de%20saber%20mais%20sobre%20o%20PACOTE%20TR\u00c1FEGO%20META%20%2B%20GOOGLE\" target=\"_blank\">\n\t\t\t\t\t\t<span class=\"elementor-button-content-wrapper\">\n\t\t\t\t\t\t\t\t\t<span class=\"elementor-button-text\">Subscribe to Meta Ads + Google Package<\/span>\n\t\t\t\t\t<\/span>\n\t\t\t\t\t<\/a>\n\t\t\t\t\t\t\t\t<\/div>\n\t\t\t\t<\/div>\n\t\t\t\t<\/div>\n\t\t\t\t<\/div>\n\t\t<div class=\"elementor-element elementor-element-b512537 e-flex e-con-boxed elementor-invisible e-con e-child\" data-id=\"b512537\" data-element_type=\"container\" data-e-type=\"container\" data-settings=\"{&quot;animation&quot;:&quot;fadeInDown&quot;}\">\n\t\t\t\t\t<div class=\"e-con-inner\">\n\t\t\t\t<div class=\"elementor-element elementor-element-0d26efd elementor-widget elementor-widget-heading\" data-id=\"0d26efd\" data-element_type=\"widget\" data-e-type=\"widget\" data-widget_type=\"heading.default\">\n\t\t\t\t\t<div class=\"elementor-heading-title elementor-size-default\">Get in touch to clarify any questions about the plans or to choose the best option for your business!<\/div>\t\t\t\t<\/div>\n\t\t\t\t<div class=\"elementor-element elementor-element-6787e9b elementor-align-center elementor-mobile-align-justify elementor-widget elementor-widget-button\" data-id=\"6787e9b\" data-element_type=\"widget\" data-e-type=\"widget\" data-widget_type=\"button.default\">\n\t\t\t\t\t\t\t\t\t\t<a class=\"elementor-button elementor-button-link elementor-size-sm\" href=\"https:\/\/flamikadigital.com\/en\/fale-com-a-flamika-digital\/\">\n\t\t\t\t\t\t<span class=\"elementor-button-content-wrapper\">\n\t\t\t\t\t\t\t\t\t<span class=\"elementor-button-text\">Contact Us<\/span>\n\t\t\t\t\t<\/span>\n\t\t\t\t\t<\/a>\n\t\t\t\t\t\t\t\t<\/div>\n\t\t\t\t\t<\/div>\n\t\t\t\t<\/div>\n\t\t\t\t\t<\/div>\n\t\t\t\t<\/div>\n\t\t\t\t<\/div>","protected":false},"excerpt":{"rendered":"<p>Pacotes de Servi\u00e7os de Gest\u00e3o de Tr\u00e1fego Pago Escolha seu Plano Impulsione sua marca com solu\u00e7\u00f5es personalizadas para gest\u00e3o de tr\u00e1fego pago Assine um plano e aumente sua presen\u00e7a digital com a Flamika Digital. Pacote Premium plano trimestral R$ 0 \/m\u00eas plano semestral R$ 0 \/m\u00eas plano anual R$ 0 \/m\u00eas Cria\u00e7\u00e3o e publica\u00e7\u00e3o de [&hellip;]<\/p>","protected":false},"author":2,"featured_media":0,"parent":0,"menu_order":0,"comment_status":"closed","ping_status":"closed","template":"","meta":{"footnotes":""},"class_list":["post-265","page","type-page","status-publish","hentry"],"yoast_head":"<!-- This site is optimized with the Yoast SEO plugin v27.4 - https:\/\/yoast.com\/product\/yoast-seo-wordpress\/ -->\n<title>Pacotes para Gest\u00e3o de Tr\u00e1fego Pago - Flamika Digital<\/title>\n<meta name=\"robots\" content=\"index, follow, max-snippet:-1, max-image-preview:large, max-video-preview:-1\" \/>\n<link rel=\"canonical\" href=\"https:\/\/flamikadigital.com\/en\/valores-pacotes-para-gestao-de-trafego-pago\/\" \/>\n<meta property=\"og:locale\" content=\"en_US\" \/>\n<meta property=\"og:type\" content=\"article\" \/>\n<meta property=\"og:title\" content=\"Pacotes para Gest\u00e3o de Tr\u00e1fego Pago - Flamika Digital\" \/>\n<meta property=\"og:description\" content=\"Pacotes de Servi\u00e7os de Gest\u00e3o de Tr\u00e1fego Pago Escolha seu Plano Impulsione sua marca com solu\u00e7\u00f5es personalizadas para gest\u00e3o de tr\u00e1fego pago Assine um plano e aumente sua presen\u00e7a digital com a Flamika Digital. Pacote Premium plano trimestral R$ 0 \/m\u00eas plano semestral R$ 0 \/m\u00eas plano anual R$ 0 \/m\u00eas Cria\u00e7\u00e3o e publica\u00e7\u00e3o de [&hellip;]\" \/>\n<meta property=\"og:url\" content=\"https:\/\/flamikadigital.com\/en\/valores-pacotes-para-gestao-de-trafego-pago\/\" \/>\n<meta property=\"og:site_name\" content=\"Flamika Digital\" \/>\n<meta property=\"article:modified_time\" content=\"2026-03-18T21:37:47+00:00\" \/>\n<meta property=\"og:image\" content=\"https:\/\/flamikadigital.com\/wp-content\/uploads\/2025\/04\/Frame-42.png\" \/>\n\t<meta property=\"og:image:width\" content=\"1200\" \/>\n\t<meta property=\"og:image:height\" content=\"675\" \/>\n\t<meta property=\"og:image:type\" content=\"image\/png\" \/>\n<meta name=\"twitter:card\" content=\"summary_large_image\" \/>\n<script type=\"application\/ld+json\" class=\"yoast-schema-graph\">{\"@context\":\"https:\\\/\\\/schema.org\",\"@graph\":[{\"@type\":\"WebPage\",\"@id\":\"https:\\\/\\\/flamikadigital.com\\\/valores-pacotes-para-gestao-de-trafego-pago\\\/\",\"url\":\"https:\\\/\\\/flamikadigital.com\\\/valores-pacotes-para-gestao-de-trafego-pago\\\/\",\"name\":\"Pacotes para Gest\u00e3o de Tr\u00e1fego Pago - Flamika Digital\",\"isPartOf\":{\"@id\":\"https:\\\/\\\/flamikadigital.com\\\/#website\"},\"datePublished\":\"2025-03-21T09:05:18+00:00\",\"dateModified\":\"2026-03-18T21:37:47+00:00\",\"breadcrumb\":{\"@id\":\"https:\\\/\\\/flamikadigital.com\\\/valores-pacotes-para-gestao-de-trafego-pago\\\/#breadcrumb\"},\"inLanguage\":\"en-US\",\"potentialAction\":[{\"@type\":\"ReadAction\",\"target\":[\"https:\\\/\\\/flamikadigital.com\\\/valores-pacotes-para-gestao-de-trafego-pago\\\/\"]}]},{\"@type\":\"BreadcrumbList\",\"@id\":\"https:\\\/\\\/flamikadigital.com\\\/valores-pacotes-para-gestao-de-trafego-pago\\\/#breadcrumb\",\"itemListElement\":[{\"@type\":\"ListItem\",\"position\":1,\"name\":\"In\u00edcio\",\"item\":\"https:\\\/\\\/flamikadigital.com\\\/\"},{\"@type\":\"ListItem\",\"position\":2,\"name\":\"Pacotes para Gest\u00e3o de Tr\u00e1fego Pago\"}]},{\"@type\":\"WebSite\",\"@id\":\"https:\\\/\\\/flamikadigital.com\\\/#website\",\"url\":\"https:\\\/\\\/flamikadigital.com\\\/\",\"name\":\"Flamika Digital\",\"description\":\"Solu\u00e7\u00f5es em marketing digital e design para empresas.\",\"publisher\":{\"@id\":\"https:\\\/\\\/flamikadigital.com\\\/#organization\"},\"alternateName\":\"Flamika Marketing Digital\",\"potentialAction\":[{\"@type\":\"SearchAction\",\"target\":{\"@type\":\"EntryPoint\",\"urlTemplate\":\"https:\\\/\\\/flamikadigital.com\\\/?s={search_term_string}\"},\"query-input\":{\"@type\":\"PropertyValueSpecification\",\"valueRequired\":true,\"valueName\":\"search_term_string\"}}],\"inLanguage\":\"en-US\"},{\"@type\":\"Organization\",\"@id\":\"https:\\\/\\\/flamikadigital.com\\\/#organization\",\"name\":\"Flamika Digital\",\"alternateName\":\"Flamika Marketing Digital\",\"url\":\"https:\\\/\\\/flamikadigital.com\\\/\",\"logo\":{\"@type\":\"ImageObject\",\"inLanguage\":\"en-US\",\"@id\":\"https:\\\/\\\/flamikadigital.com\\\/#\\\/schema\\\/logo\\\/image\\\/\",\"url\":\"https:\\\/\\\/flamikadigital.com\\\/wp-content\\\/uploads\\\/2025\\\/03\\\/cropped-favicon-flamika-digital.webp\",\"contentUrl\":\"https:\\\/\\\/flamikadigital.com\\\/wp-content\\\/uploads\\\/2025\\\/03\\\/cropped-favicon-flamika-digital.webp\",\"width\":512,\"height\":512,\"caption\":\"Flamika Digital\"},\"image\":{\"@id\":\"https:\\\/\\\/flamikadigital.com\\\/#\\\/schema\\\/logo\\\/image\\\/\"}}]}<\/script>\n<!-- \/ Yoast SEO plugin. -->","yoast_head_json":{"title":"Pacotes para Gest\u00e3o de Tr\u00e1fego Pago - Flamika Digital","robots":{"index":"index","follow":"follow","max-snippet":"max-snippet:-1","max-image-preview":"max-image-preview:large","max-video-preview":"max-video-preview:-1"},"canonical":"https:\/\/flamikadigital.com\/en\/valores-pacotes-para-gestao-de-trafego-pago\/","og_locale":"en_US","og_type":"article","og_title":"Pacotes para Gest\u00e3o de Tr\u00e1fego Pago - Flamika Digital","og_description":"Pacotes de Servi\u00e7os de Gest\u00e3o de Tr\u00e1fego Pago Escolha seu Plano Impulsione sua marca com solu\u00e7\u00f5es personalizadas para gest\u00e3o de tr\u00e1fego pago Assine um plano e aumente sua presen\u00e7a digital com a Flamika Digital. Pacote Premium plano trimestral R$ 0 \/m\u00eas plano semestral R$ 0 \/m\u00eas plano anual R$ 0 \/m\u00eas Cria\u00e7\u00e3o e publica\u00e7\u00e3o de [&hellip;]","og_url":"https:\/\/flamikadigital.com\/en\/valores-pacotes-para-gestao-de-trafego-pago\/","og_site_name":"Flamika Digital","article_modified_time":"2026-03-18T21:37:47+00:00","og_image":[{"width":1200,"height":675,"url":"https:\/\/flamikadigital.com\/wp-content\/uploads\/2025\/04\/Frame-42.png","type":"image\/png"}],"twitter_card":"summary_large_image","schema":{"@context":"https:\/\/schema.org","@graph":[{"@type":"WebPage","@id":"https:\/\/flamikadigital.com\/valores-pacotes-para-gestao-de-trafego-pago\/","url":"https:\/\/flamikadigital.com\/valores-pacotes-para-gestao-de-trafego-pago\/","name":"Pacotes para Gest\u00e3o de Tr\u00e1fego Pago - Flamika Digital","isPartOf":{"@id":"https:\/\/flamikadigital.com\/#website"},"datePublished":"2025-03-21T09:05:18+00:00","dateModified":"2026-03-18T21:37:47+00:00","breadcrumb":{"@id":"https:\/\/flamikadigital.com\/valores-pacotes-para-gestao-de-trafego-pago\/#breadcrumb"},"inLanguage":"en-US","potentialAction":[{"@type":"ReadAction","target":["https:\/\/flamikadigital.com\/valores-pacotes-para-gestao-de-trafego-pago\/"]}]},{"@type":"BreadcrumbList","@id":"https:\/\/flamikadigital.com\/valores-pacotes-para-gestao-de-trafego-pago\/#breadcrumb","itemListElement":[{"@type":"ListItem","position":1,"name":"In\u00edcio","item":"https:\/\/flamikadigital.com\/"},{"@type":"ListItem","position":2,"name":"Pacotes para Gest\u00e3o de Tr\u00e1fego Pago"}]},{"@type":"WebSite","@id":"https:\/\/flamikadigital.com\/#website","url":"https:\/\/flamikadigital.com\/","name":"Flamika Digital","description":"Digital marketing and design solutions for companies.","publisher":{"@id":"https:\/\/flamikadigital.com\/#organization"},"alternateName":"Flamika Marketing Digital","potentialAction":[{"@type":"SearchAction","target":{"@type":"EntryPoint","urlTemplate":"https:\/\/flamikadigital.com\/?s={search_term_string}"},"query-input":{"@type":"PropertyValueSpecification","valueRequired":true,"valueName":"search_term_string"}}],"inLanguage":"en-US"},{"@type":"Organization","@id":"https:\/\/flamikadigital.com\/#organization","name":"Flamika Digital","alternateName":"Flamika Marketing Digital","url":"https:\/\/flamikadigital.com\/","logo":{"@type":"ImageObject","inLanguage":"en-US","@id":"https:\/\/flamikadigital.com\/#\/schema\/logo\/image\/","url":"https:\/\/flamikadigital.com\/wp-content\/uploads\/2025\/03\/cropped-favicon-flamika-digital.webp","contentUrl":"https:\/\/flamikadigital.com\/wp-content\/uploads\/2025\/03\/cropped-favicon-flamika-digital.webp","width":512,"height":512,"caption":"Flamika Digital"},"image":{"@id":"https:\/\/flamikadigital.com\/#\/schema\/logo\/image\/"}}]}},"_links":{"self":[{"href":"https:\/\/flamikadigital.com\/en\/wp-json\/wp\/v2\/pages\/265","targetHints":{"allow":["GET"]}}],"collection":[{"href":"https:\/\/flamikadigital.com\/en\/wp-json\/wp\/v2\/pages"}],"about":[{"href":"https:\/\/flamikadigital.com\/en\/wp-json\/wp\/v2\/types\/page"}],"author":[{"embeddable":true,"href":"https:\/\/flamikadigital.com\/en\/wp-json\/wp\/v2\/users\/2"}],"replies":[{"embeddable":true,"href":"https:\/\/flamikadigital.com\/en\/wp-json\/wp\/v2\/comments?post=265"}],"version-history":[{"count":49,"href":"https:\/\/flamikadigital.com\/en\/wp-json\/wp\/v2\/pages\/265\/revisions"}],"predecessor-version":[{"id":1559,"href":"https:\/\/flamikadigital.com\/en\/wp-json\/wp\/v2\/pages\/265\/revisions\/1559"}],"wp:attachment":[{"href":"https:\/\/flamikadigital.com\/en\/wp-json\/wp\/v2\/media?parent=265"}],"curies":[{"name":"wp","href":"https:\/\/api.w.org\/{rel}","templated":true}]}}